{"id":2,"date":"2025-01-30T22:46:29","date_gmt":"2025-01-30T22:46:29","guid":{"rendered":"https:\/\/miguelmcolon.com\/?page_id=2"},"modified":"2025-01-31T07:18:20","modified_gmt":"2025-01-31T07:18:20","slug":"sample-page","status":"publish","type":"page","link":"https:\/\/miguelmcolon.com\/","title":{"rendered":"En construcci\u00f3n"},"content":{"rendered":"\n<p>Estamos rehaciendo nuestra p\u00e1gina web para ofrecerte una experiencia de navegaci\u00f3n m\u00e1s clara y eficaz.<\/p>\n\n\n\n<p>Muchas gracias y un saludo<\/p>\n","protected":false},"excerpt":{"rendered":"<p>Estamos rehaciendo nuestra p\u00e1gina web para ofrecerte una experiencia de navegaci\u00f3n m\u00e1s clara y eficaz. Muchas gracias y un saludo<\/p>\n","protected":false},"author":1,"featured_media":0,"parent":0,"menu_order":0,"comment_status":"closed","ping_status":"open","template":"","meta":{"footnotes":""},"class_list":["post-2","page","type-page","status-publish","hentry"],"_links":{"self":[{"href":"https:\/\/miguelmcolon.com\/index.php\/wp-json\/wp\/v2\/pages\/2","targetHints":{"allow":["GET"]}}],"collection":[{"href":"https:\/\/miguelmcolon.com\/index.php\/wp-json\/wp\/v2\/pages"}],"about":[{"href":"https:\/\/miguelmcolon.com\/index.php\/wp-json\/wp\/v2\/types\/page"}],"author":[{"embeddable":true,"href":"https:\/\/miguelmcolon.com\/index.php\/wp-json\/wp\/v2\/users\/1"}],"replies":[{"embeddable":true,"href":"https:\/\/miguelmcolon.com\/index.php\/wp-json\/wp\/v2\/comments?post=2"}],"version-history":[{"count":2,"href":"https:\/\/miguelmcolon.com\/index.php\/wp-json\/wp\/v2\/pages\/2\/revisions"}],"predecessor-version":[{"id":9,"href":"https:\/\/miguelmcolon.com\/index.php\/wp-json\/wp\/v2\/pages\/2\/revisions\/9"}],"wp:attachment":[{"href":"https:\/\/miguelmcolon.com\/index.php\/wp-json\/wp\/v2\/media?parent=2"}],"curies":[{"name":"wp","href":"https:\/\/api.w.org\/{rel}","templated":true}]}}